{"id":41612,"date":"2022-12-12T00:43:57","date_gmt":"2022-12-11T23:43:57","guid":{"rendered":"https:\/\/vintagegalore.de\/?p=41612"},"modified":"2023-08-17T17:15:13","modified_gmt":"2023-08-17T15:15:13","slug":"set-of-2-mid-century-nordisk-solar-compagni-super-space-pendant-lamps","status":"publish","type":"product","link":"http:\/\/vgalore.benignware.com\/en\/produkt\/set-of-2-mid-century-nordisk-solar-compagni-super-space-pendant-lamps\/","title":{"rendered":"2er-Set Nordisk Solar Compagni &#8220;Super Space&#8221; H\u00e4ngeleuchten \/ kleine Version \/ Danish modern design"},"content":{"rendered":"1970s Nordisk Solar Compagni, Denmark. \"Super Space\". Mini version. Approx. 24x17cm (w\/h).<br \/>\r\nComes with high quality textile cord (about 2,40m) and light bulb.<br \/>\r\nPendelleuchte \/ H\u00e4ngeleuchte \/ H\u00e4ngelampe \/ Lampe \/ Berlin \/ Neuk\u00f6lln \/ vintage shop \/ Mid century modern design \/ midcentury \/ Danish modern design","protected":false},"excerpt":{"rendered":"<div>Der Preis ist f\u00fcr das Set von 2 Leuchten. 1970er Jahre Nordisk Solar Compagni, D\u00e4nemark. &#8220;Super Space&#8221;. Mini-Version. Ca. 24x17cm (Durchmesser, H\u00f6he). Lieferung mit hochwertigem Textilkabel (jeweils ca. 2,40m), Gl\u00fchbirne und Baldachin. Gebrauchtware. Altersgem\u00e4\u00df wenige Gebrauchsspuren. Siehe Fotos. Diese sind Bestandteil der Beschreibung. Die Farben k\u00f6nnen variieren, da jedes Ger\u00e4t\/Display die Farben anders darstellt.<\/p>\n<div>\n<div>F\u00fcr kombinierten Versand bei Interesse an mehreren Artikeln kontaktiere mich bitte \u00fcber den \u201cAnfrage\u201d-Button vor dem Kauf.<\/div>\n<\/div>\n<\/div>\n","protected":false},"featured_media":41615,"template":"","meta":{"_acf_changed":false},"product_brand":[],"product_cat":[7],"product_tag":[],"class_list":{"0":"post-41612","1":"product","2":"type-product","3":"status-publish","4":"has-post-thumbnail","6":"product_cat-ceiling-pendant-lamps","7":"product_shipping_class-paket-bis-5-kg-bis-120-x-60-x-60-cm","9":"first","10":"instock","11":"purchasable","12":"product-type-simple"},"acf":[],"jetpack_sharing_enabled":true,"_links":{"self":[{"href":"http:\/\/vgalore.benignware.com\/en\/wp-json\/wp\/v2\/product\/41612","targetHints":{"allow":["GET"]}}],"collection":[{"href":"http:\/\/vgalore.benignware.com\/en\/wp-json\/wp\/v2\/product"}],"about":[{"href":"http:\/\/vgalore.benignware.com\/en\/wp-json\/wp\/v2\/types\/product"}],"wp:featuredmedia":[{"embeddable":true,"href":"http:\/\/vgalore.benignware.com\/en\/wp-json\/wp\/v2\/media\/41615"}],"wp:attachment":[{"href":"http:\/\/vgalore.benignware.com\/en\/wp-json\/wp\/v2\/media?parent=41612"}],"wp:term":[{"taxonomy":"product_brand","embeddable":true,"href":"http:\/\/vgalore.benignware.com\/en\/wp-json\/wp\/v2\/product_brand?post=41612"},{"taxonomy":"product_cat","embeddable":true,"href":"http:\/\/vgalore.benignware.com\/en\/wp-json\/wp\/v2\/product_cat?post=41612"},{"taxonomy":"product_tag","embeddable":true,"href":"http:\/\/vgalore.benignware.com\/en\/wp-json\/wp\/v2\/product_tag?post=41612"}],"curies":[{"name":"wp","href":"https:\/\/api.w.org\/{rel}","templated":true}]}}