{"id":73280,"date":"2023-01-17T14:48:02","date_gmt":"2023-01-17T13:48:02","guid":{"rendered":"https:\/\/vintagegalore.benignware.com\/produkt\/mid-century-steel-floor-lamp-with-restored-textile-shade-stehleuchte\/"},"modified":"2023-08-02T16:12:32","modified_gmt":"2023-08-02T14:12:32","slug":"mid-century-steel-floor-lamp-with-restored-textile-shade-stehleuchte","status":"publish","type":"product","link":"http:\/\/vgalore.benignware.com\/en\/produkt\/mid-century-steel-floor-lamp-with-restored-textile-shade-stehleuchte\/","title":{"rendered":"Mid century modern Stehleuchte \/ 60er-70er Jahre \/ mit t\u00fcrkisfarbenem Textil-Lampenschirm \/ Stehlampe"},"content":{"rendered":"1960s, Germany (west), steel floor lamp, with restored lampshade (by Lumi\u00e8re, Berlin). Approx. Lampshade is height adjustable. Approx. 162x52cm.<br \/>\r\n\/ Berlin \/ Neuk\u00f6lln \/ vintage shop \/ midcentury","protected":false},"excerpt":{"rendered":"<div>1960er-1970er Jahre, Deutschland (West), Stehleuchte aus Stahl. Vermutlich versilbert, da die patinierte Beschichtung einen leichten gelblichen Schimmer hat (siehe Fotos). Mit aufw\u00e4ndig restauriertem \/ neu bezogenem Lampenschirm (von Lumi\u00e8re, Berlin). Der Lampenschirm mit den Gl\u00fchbirnenfassungen ist h\u00f6henverstellbar. Gesamth\u00f6he ca. 162cm. Durchmesser des Lampenschirms ca. 52cm. Gebrauchtware. Dem Alter entsprechend leichte Gebrauchsspuren am Lampenfu\u00df. Siehe Fotos. Diese sind Teil der Beschreibung. Farben k\u00f6nnen variieren, da jedes Ger\u00e4t\/Display die Farben anders anzeigt. Der Versand erfolgt in zwei Paketen. <span class=\"im\">F\u00fcr kombinierten Versand bei Interesse an mehreren Artikeln kontaktiere mich bitte \u00fcber den \u201cAnfrage\u201d-Button vor dem Kauf. <\/span><\/div>\n","protected":false},"featured_media":68452,"template":"","meta":{"_acf_changed":false},"product_brand":[],"product_cat":[5],"product_tag":[],"class_list":{"0":"post-73280","1":"product","2":"type-product","3":"status-publish","4":"has-post-thumbnail","6":"product_cat-floor-lamps","7":"product_shipping_class-6-2x-paket-5kg-120x60x60cm-10kg-120x60x60cm-en","9":"first","10":"instock","11":"purchasable","12":"product-type-simple"},"acf":[],"jetpack_sharing_enabled":true,"_links":{"self":[{"href":"http:\/\/vgalore.benignware.com\/en\/wp-json\/wp\/v2\/product\/73280","targetHints":{"allow":["GET"]}}],"collection":[{"href":"http:\/\/vgalore.benignware.com\/en\/wp-json\/wp\/v2\/product"}],"about":[{"href":"http:\/\/vgalore.benignware.com\/en\/wp-json\/wp\/v2\/types\/product"}],"wp:featuredmedia":[{"embeddable":true,"href":"http:\/\/vgalore.benignware.com\/en\/wp-json\/wp\/v2\/media\/68452"}],"wp:attachment":[{"href":"http:\/\/vgalore.benignware.com\/en\/wp-json\/wp\/v2\/media?parent=73280"}],"wp:term":[{"taxonomy":"product_brand","embeddable":true,"href":"http:\/\/vgalore.benignware.com\/en\/wp-json\/wp\/v2\/product_brand?post=73280"},{"taxonomy":"product_cat","embeddable":true,"href":"http:\/\/vgalore.benignware.com\/en\/wp-json\/wp\/v2\/product_cat?post=73280"},{"taxonomy":"product_tag","embeddable":true,"href":"http:\/\/vgalore.benignware.com\/en\/wp-json\/wp\/v2\/product_tag?post=73280"}],"curies":[{"name":"wp","href":"https:\/\/api.w.org\/{rel}","templated":true}]}}