{"id":73366,"date":"2023-02-03T00:03:05","date_gmt":"2023-02-02T23:03:05","guid":{"rendered":"https:\/\/vintagegalore.benignware.com\/produkt\/noch-1x-verfuegbar-blaue-scheurich-euro-line-vasen-mid-century\/"},"modified":"2023-08-03T00:11:31","modified_gmt":"2023-08-02T22:11:31","slug":"noch-1x-verfuegbar-blaue-scheurich-euro-line-vasen-mid-century","status":"publish","type":"product","link":"http:\/\/vgalore.benignware.com\/en\/produkt\/noch-1x-verfuegbar-blaue-scheurich-euro-line-vasen-mid-century\/","title":{"rendered":"(1x still available) Blue Scheurich &#8220;Euro-Line&#8221; vases \/ mid century \/ West-Germany"},"content":{"rendered":"","protected":false},"excerpt":{"rendered":"<div>Prices are per piece. 1960s-1970s, Germany (west), 8 + 12 + 37cm. Gebrauchtware. Keine Defekte. Altersgem\u00e4\u00df wenige Gebrauchsspuren. Siehe Fotos. Diese sind Bestandteil der Beschreibung. Die Farben k\u00f6nnen variieren, da jedes Ger\u00e4t\/Display die Farben anders darstellt.<\/p>\n<div>\n<div>F\u00fcr kombinierten Versand bei Interesse an mehreren Artikeln kontaktiere mich bitte \u00fcber den \u201cAnfrage\u201d-Button vor dem Kauf.<\/div>\n<\/div>\n<\/div>\n","protected":false},"featured_media":73354,"template":"","meta":{"_acf_changed":false},"product_brand":[],"product_cat":[3],"product_tag":[],"class_list":{"0":"post-73366","1":"product","2":"type-product","3":"status-publish","4":"has-post-thumbnail","6":"product_cat-deco","8":"first","9":"instock","10":"purchasable","11":"product-type-variable"},"acf":[],"jetpack_sharing_enabled":true,"_links":{"self":[{"href":"http:\/\/vgalore.benignware.com\/en\/wp-json\/wp\/v2\/product\/73366","targetHints":{"allow":["GET"]}}],"collection":[{"href":"http:\/\/vgalore.benignware.com\/en\/wp-json\/wp\/v2\/product"}],"about":[{"href":"http:\/\/vgalore.benignware.com\/en\/wp-json\/wp\/v2\/types\/product"}],"wp:featuredmedia":[{"embeddable":true,"href":"http:\/\/vgalore.benignware.com\/en\/wp-json\/wp\/v2\/media\/73354"}],"wp:attachment":[{"href":"http:\/\/vgalore.benignware.com\/en\/wp-json\/wp\/v2\/media?parent=73366"}],"wp:term":[{"taxonomy":"product_brand","embeddable":true,"href":"http:\/\/vgalore.benignware.com\/en\/wp-json\/wp\/v2\/product_brand?post=73366"},{"taxonomy":"product_cat","embeddable":true,"href":"http:\/\/vgalore.benignware.com\/en\/wp-json\/wp\/v2\/product_cat?post=73366"},{"taxonomy":"product_tag","embeddable":true,"href":"http:\/\/vgalore.benignware.com\/en\/wp-json\/wp\/v2\/product_tag?post=73366"}],"curies":[{"name":"wp","href":"https:\/\/api.w.org\/{rel}","templated":true}]}}